{"id":555,"date":"2020-01-10T16:12:30","date_gmt":"2020-01-10T15:12:30","guid":{"rendered":"https:\/\/www.jennifer-laessig.de\/?post_type=product&#038;p=555"},"modified":"2025-12-04T05:25:10","modified_gmt":"2025-12-04T04:25:10","slug":"angebot-11er-set-postkarten-freie-auswahl","status":"publish","type":"product","link":"https:\/\/www.jennifer-laessig.de\/?product=angebot-11er-set-postkarten-freie-auswahl","title":{"rendered":"Angebot: 11er Set Postkarten &#8211; Freie Auswahl"},"content":{"rendered":"<p style=\"text-align: center;\"><em>Lust gleich mehrere Karten zu verschenken?<\/em><\/p>\n<p style=\"text-align: center;\"><em>Schwierigkeiten bei der Entscheidung, welche Gru\u00dfkarte die Sch\u00f6nste ist?<\/em><\/p>\n<p style=\"text-align: center;\"><em>Oder gefallen einfach gleich alle Motive so gut?<\/em><\/p>\n<p style=\"text-align: center;\"><em>Kein Problem!<\/em><\/p>\n<p style=\"text-align: center;\"><em>Hier k\u00f6nnen Sie 11 Postkarten frei ausw\u00e4hlen und das Beste daran?<\/em><\/p>\n<p style=\"text-align: center;\"><em>Es gibt auch noch einen Rabatt!<\/em><\/p>\n<p style=\"text-align: center;\"><em>Nur 10 statt 11 zahlen und somit 1,50 Euro sparen!<\/em><\/p>\n<p style=\"text-align: center;\"><em>Bei der Bestellung bitte einfach den jeweiligen Namen und und gew\u00fcnschte Anzahl mit angeben!<\/em><\/p>\n<p style=\"text-align: center;\"><em>Diese Karten im matten Druck ist 13,9 x 10,7 cm gro\u00df und bestimmt beim Verschicken und Verschenken ein besonderes Highlight!<\/em><\/p>\n","protected":false},"excerpt":{"rendered":"<p>Lust gleich mehrere Karten zu verschenken? Schwierigkeiten bei der Entscheidung, welche Gru\u00dfkarte die Sch\u00f6nste ist? Oder gefallen einfach gleich alle Motive so gut? Kein Problem! Hier k\u00f6nnen Sie 11 Postkarten frei ausw\u00e4hlen und das Beste daran? Es gibt auch noch einen Rabatt! Nur 10 statt 11 zahlen und somit 1,50 [&hellip;]<\/p>\n","protected":false},"featured_media":556,"comment_status":"open","ping_status":"closed","template":"","meta":[],"product_cat":[21,19],"product_tag":[],"class_list":{"0":"post-555","1":"product","2":"type-product","3":"status-publish","4":"has-post-thumbnail","6":"product_cat-angebot","7":"product_cat-postkarten","9":"first","10":"instock","11":"shipping-taxable","12":"purchasable","13":"product-type-simple"},"_links":{"self":[{"href":"https:\/\/www.jennifer-laessig.de\/index.php?rest_route=\/wp\/v2\/product\/555"}],"collection":[{"href":"https:\/\/www.jennifer-laessig.de\/index.php?rest_route=\/wp\/v2\/product"}],"about":[{"href":"https:\/\/www.jennifer-laessig.de\/index.php?rest_route=\/wp\/v2\/types\/product"}],"replies":[{"embeddable":true,"href":"https:\/\/www.jennifer-laessig.de\/index.php?rest_route=%2Fwp%2Fv2%2Fcomments&post=555"}],"wp:featuredmedia":[{"embeddable":true,"href":"https:\/\/www.jennifer-laessig.de\/index.php?rest_route=\/wp\/v2\/media\/556"}],"wp:attachment":[{"href":"https:\/\/www.jennifer-laessig.de\/index.php?rest_route=%2Fwp%2Fv2%2Fmedia&parent=555"}],"wp:term":[{"taxonomy":"product_cat","embeddable":true,"href":"https:\/\/www.jennifer-laessig.de\/index.php?rest_route=%2Fwp%2Fv2%2Fproduct_cat&post=555"},{"taxonomy":"product_tag","embeddable":true,"href":"https:\/\/www.jennifer-laessig.de\/index.php?rest_route=%2Fwp%2Fv2%2Fproduct_tag&post=555"}],"curies":[{"name":"wp","href":"https:\/\/api.w.org\/{rel}","templated":true}]}}