{"id":32,"date":"2019-10-17T10:00:17","date_gmt":"2019-10-17T10:00:17","guid":{"rendered":"https:\/\/www.jennifer-laessig.de\/?page_id=32"},"modified":"2020-01-03T21:06:00","modified_gmt":"2020-01-03T20:06:00","slug":"colibri-wp","status":"publish","type":"page","link":"https:\/\/www.jennifer-laessig.de\/","title":{"rendered":"Home"},"content":{"rendered":"<div class=\"style-149 style-local-32-c1 position-relative\" data-colibri-id=\"32-c1\">\n<div id=\"contact\" class=\"h-section h-section-global-spacing d-flex align-items-lg-center align-items-md-center align-items-center style-282 style-local-32-c245 position-relative\" data-colibri-component=\"section\" data-colibri-id=\"32-c245\">\n<div class=\"h-section-grid-container h-section-boxed-container\">\n<div class=\"h-row-container gutters-row-lg-2 gutters-row-md-2 gutters-row-2 gutters-row-v-lg-2 gutters-row-v-md-2 gutters-row-v-2 style-283 style-local-32-c246 position-relative\" data-colibri-id=\"32-c246\">\n<h2 style=\"text-align: center;\">Textschmiede<\/h2>\n<p style=\"text-align: center;\">Wie der Name schon sagt, geht es hier um Texte.<o:p><\/o:p><\/p>\n<p style=\"text-align: center;\">Neben den \u00fcblichen Verd\u00e4chtigen wie Reportagen, Berichte, Rezensionen und\u00a0 kleineren Meldungen, die ich im journalistischen Bereich verfasse, biete ich auch weitere Formen an.<o:p><\/o:p><\/p>\n<p style=\"text-align: center;\">Dazu geh\u00f6ren unter anderem Produktbeschreibungen, Werbetexte, Texte f\u00fcr Webseiten und klassische Zusammenfassungen mit oder ohne vorherige Recherchearbeit.<\/p>\n<p style=\"text-align: center;\">Aber auch kleinere Verse f\u00fcr Geburtstagseinladungen oder Ank\u00fcndigungen geh\u00f6hren genauso zu meinem Repertoire wie individuelle auf jeweilige Personen oder Situationen zugeschnittene Reime und Gedichte.<o:p><\/o:p><\/p>\n<p style=\"text-align: center;\">Weiter besch\u00e4ftige ich mich gern auch mit Erz\u00e4hlungen oder Lyrik und habe 2017 und 2018 meine beiden Gedichtb\u00e4nde &#8220;Abgrund&#8221; und &#8220;Metamorphose&#8221; der Reihe &#8220;Lebensdurst und Todeshunger&#8221; ver\u00f6ffentlicht. <o:p><\/o:p><o:p><\/o:p><\/p>\n<h1 style=\"text-align: center;\"><\/h1>\n<h2 style=\"text-align: center;\">Wieso \u00fcberhaupt Textschmiede? <o:p><\/o:p><\/h2>\n<p style=\"text-align: center;\">Wie komm ich zu dem Namen Textschmiede? <o:p><\/o:p><\/p>\n<p style=\"text-align: center;\">Das ist eine gute und sicherlich berechtigte Frage&#8230;<o:p><\/o:p><\/p>\n<p style=\"text-align: center;\">Nach einem vom anstrengenden Gr\u00fcbeln erf\u00fcllten Abend, was zu mir passt und etwas \u00fcber mein Denken , Vorgehen und Arbeiten aussagt, entschloss ich mich schlie\u00dflich f\u00fcr den Begriff Textschmiede. <o:p><\/o:p><\/p>\n<p style=\"text-align: center;\">Wieso Text? <o:p><\/o:p><\/p>\n<p style=\"text-align: center;\">Das ist denke ich recht offensichtlich und klar. Texte sind Hauptbestandteil meiner Arbeit und vor allem meiner Leidenschaft. Sie sind die Essenz und gleichzeitig auch das Ergebnis meines Schaffens, Denkens und auch in gewisser Weise meiner Kreativit\u00e4t und Pers\u00f6nlichkeit. <o:p><\/o:p><\/p>\n<p style=\"text-align: center;\">Und wieso nicht Texterei, Textfabrik oder Schreibwerkstatt? <o:p><\/o:p><\/p>\n<p style=\"text-align: center;\">Alle drei Worte waren weitere Ideen, die mir durch den Geist schwirrten. Jedes Einzelne f\u00fcr sich h\u00e4tte sicherlich auch seine Daseinsberechtigung gefunden und auch irgendwie gepasst. <o:p><\/o:p><\/p>\n<p style=\"text-align: center;\">Aber nur irgendwie und nicht wie die Faust aufs Auge! Besser gesagt:<o:p><\/o:p><\/p>\n<p style=\"text-align: center;\">Ich bin keine Fabrik, die Texte einfach am Laufband produziert und dann ausspuckt.<o:p><\/o:p><\/p>\n<p style=\"text-align: center;\">Genauso wenig m\u00f6chte ich werkstattm\u00e4\u00dfig an meinen Schriftst\u00fccken herum werkeln oder nach bestimmten Schemata vorgehen.<o:p><\/o:p><\/p>\n<p style=\"text-align: center;\"><strong>Nein! Ich schmiede an meinen Arbeiten, verfeinere sie, gebe gern den letzten Schliff und forme daraus ein kleines Kunstwerk. An den einzelnen Worten wird gefeilt, die S\u00e4tze geschliffen und der Inhalt im Geiste zu einem harmonischen\u00a0 Fluss verschmolzen.<\/strong> <o:p><\/o:p><\/p>\n<p style=\"text-align: center;\"><strong>Befeuert von der Glut der Leidenschaft f\u00fcr mein Schaffen entsteht schlie\u00dflich jedes Mal ein f\u00fcr sich stehender individueller Text.<\/strong><o:p><\/o:p><\/p>\n<p style=\"text-align: center;\">So denke ich, so arbeite ich und so entstand schlie\u00dflich auch mein passendes Motto: <o:p><\/o:p><o:p>\u00a0<\/o:p><\/p>\n<p style=\"text-align: center;\" align=\"center\"><b><span style=\"font-size: 10.0pt;\">&#8220;Eisen wird in einem Feuer geschmiedet,<\/span><\/b> <o:p><\/o:p><\/p>\n<p style=\"text-align: center;\" align=\"center\"><b><span style=\"font-size: 10.0pt;\">gute Texte durch einen klugen Geist.&#8221;<\/span><\/b><o:p><\/o:p>\u00a0<o:p><\/o:p><\/p>\n<\/div>\n<\/div>\n<\/div>\n<\/div>\n","protected":false},"excerpt":{"rendered":"<p>Textschmiede Wie der Name schon sagt, geht es hier um Texte. Neben den \u00fcblichen Verd\u00e4chtigen wie Reportagen, Berichte, Rezensionen und\u00a0 kleineren Meldungen, die ich im journalistischen Bereich verfasse, biete ich auch weitere Formen an. Dazu geh\u00f6ren unter anderem Produktbeschreibungen, Werbetexte, Texte f\u00fcr Webseiten und klassische Zusammenfassungen mit oder ohne vorherige [&hellip;]<\/p>\n","protected":false},"author":1,"featured_media":0,"parent":0,"menu_order":0,"comment_status":"closed","ping_status":"closed","template":"","meta":{"footnotes":""},"class_list":["post-32","page","type-page","status-publish","hentry"],"_links":{"self":[{"href":"https:\/\/www.jennifer-laessig.de\/index.php?rest_route=\/wp\/v2\/pages\/32"}],"collection":[{"href":"https:\/\/www.jennifer-laessig.de\/index.php?rest_route=\/wp\/v2\/pages"}],"about":[{"href":"https:\/\/www.jennifer-laessig.de\/index.php?rest_route=\/wp\/v2\/types\/page"}],"author":[{"embeddable":true,"href":"https:\/\/www.jennifer-laessig.de\/index.php?rest_route=\/wp\/v2\/users\/1"}],"replies":[{"embeddable":true,"href":"https:\/\/www.jennifer-laessig.de\/index.php?rest_route=%2Fwp%2Fv2%2Fcomments&post=32"}],"version-history":[{"count":8,"href":"https:\/\/www.jennifer-laessig.de\/index.php?rest_route=\/wp\/v2\/pages\/32\/revisions"}],"predecessor-version":[{"id":381,"href":"https:\/\/www.jennifer-laessig.de\/index.php?rest_route=\/wp\/v2\/pages\/32\/revisions\/381"}],"wp:attachment":[{"href":"https:\/\/www.jennifer-laessig.de\/index.php?rest_route=%2Fwp%2Fv2%2Fmedia&parent=32"}],"curies":[{"name":"wp","href":"https:\/\/api.w.org\/{rel}","templated":true}]}}